{"id":43,"date":"2022-11-25T11:23:22","date_gmt":"2022-11-25T11:23:22","guid":{"rendered":"http:\/\/ludemin.com\/?page_id=43"},"modified":"2024-02-19T18:08:09","modified_gmt":"2024-02-19T18:08:09","slug":"professional-work","status":"publish","type":"page","link":"https:\/\/ludemin.com\/index.php\/professional-work\/","title":{"rendered":"Professional Work"},"content":{"rendered":"\t\t<div data-elementor-type=\"wp-page\" data-elementor-id=\"43\" class=\"elementor elementor-43\">\n\t\t\t\t\t\t<section class=\"elementor-section elementor-top-section elementor-element elementor-element-0d5a14f elementor-section-boxed elementor-section-height-default elementor-section-height-default\" data-id=\"0d5a14f\" data-element_type=\"section\">\n\t\t\t\t\t\t<div class=\"elementor-container elementor-column-gap-default\">\n\t\t\t\t\t<div class=\"elementor-column elementor-col-100 elementor-top-column elementor-element elementor-element-888cf4e\" data-id=\"888cf4e\" data-element_type=\"column\">\n\t\t\t<div class=\"elementor-widget-wrap elementor-element-populated\">\n\t\t\t\t\t\t<div class=\"elementor-element elementor-element-baffd87 elementor-widget elementor-widget-heading\" data-id=\"baffd87\" data-element_type=\"widget\" data-widget_type=\"heading.default\">\n\t\t\t\t<div class=\"elementor-widget-container\">\n\t\t\t<style>\/*! elementor - v3.19.0 - 29-01-2024 *\/\n.elementor-heading-title{padding:0;margin:0;line-height:1}.elementor-widget-heading .elementor-heading-title[class*=elementor-size-]>a{color:inherit;font-size:inherit;line-height:inherit}.elementor-widget-heading .elementor-heading-title.elementor-size-small{font-size:15px}.elementor-widget-heading .elementor-heading-title.elementor-size-medium{font-size:19px}.elementor-widget-heading .elementor-heading-title.elementor-size-large{font-size:29px}.elementor-widget-heading .elementor-heading-title.elementor-size-xl{font-size:39px}.elementor-widget-heading .elementor-heading-title.elementor-size-xxl{font-size:59px}<\/style><h2 class=\"elementor-heading-title elementor-size-default\">Professional work<\/h2>\t\t<\/div>\n\t\t\t\t<\/div>\n\t\t\t\t\t<\/div>\n\t\t<\/div>\n\t\t\t\t\t<\/div>\n\t\t<\/section>\n\t\t\t\t<section class=\"elementor-section elementor-top-section elementor-element elementor-element-c6d4ee6 elementor-section-boxed elementor-section-height-default elementor-section-height-default\" data-id=\"c6d4ee6\" data-element_type=\"section\">\n\t\t\t\t\t\t<div class=\"elementor-container elementor-column-gap-default\">\n\t\t\t\t\t<div class=\"elementor-column elementor-col-100 elementor-top-column elementor-element elementor-element-fc65009\" data-id=\"fc65009\" data-element_type=\"column\">\n\t\t\t<div class=\"elementor-widget-wrap elementor-element-populated\">\n\t\t\t\t\t\t<div class=\"elementor-element elementor-element-d651d98 elementor-widget elementor-widget-heading\" data-id=\"d651d98\" data-element_type=\"widget\" data-widget_type=\"heading.default\">\n\t\t\t\t<div class=\"elementor-widget-container\">\n\t\t\t<h2 class=\"elementor-heading-title elementor-size-default\"><font color=\"#2D6612\" face=\"Anton, sans-serif\"><span style=\"font-size: 45px; white-space-collapse: collapse;\">Raiza Revelles <\/span><\/font><\/h2>\t\t<\/div>\n\t\t\t\t<\/div>\n\t\t\t\t\t<\/div>\n\t\t<\/div>\n\t\t\t\t\t<\/div>\n\t\t<\/section>\n\t\t\t\t<section class=\"elementor-section elementor-top-section elementor-element elementor-element-01f9d55 elementor-section-boxed elementor-section-height-default elementor-section-height-default\" data-id=\"01f9d55\" data-element_type=\"section\">\n\t\t\t\t\t\t<div class=\"elementor-container elementor-column-gap-default\">\n\t\t\t\t\t<div class=\"elementor-column elementor-col-100 elementor-top-column elementor-element elementor-element-9159d86\" data-id=\"9159d86\" data-element_type=\"column\">\n\t\t\t<div class=\"elementor-widget-wrap elementor-element-populated\">\n\t\t\t\t\t\t<div class=\"elementor-element elementor-element-28a254e elementor-widget elementor-widget-image\" data-id=\"28a254e\" data-element_type=\"widget\" data-widget_type=\"image.default\">\n\t\t\t\t<div class=\"elementor-widget-container\">\n\t\t\t<style>\/*! elementor - v3.19.0 - 29-01-2024 *\/\n.elementor-widget-image{text-align:center}.elementor-widget-image a{display:inline-block}.elementor-widget-image a img[src$=\".svg\"]{width:48px}.elementor-widget-image img{vertical-align:middle;display:inline-block}<\/style>\t\t\t\t\t\t\t\t\t\t<img fetchpriority=\"high\" decoding=\"async\" width=\"1024\" height=\"455\" src=\"https:\/\/ludemin.com\/wp-content\/uploads\/2023\/05\/retratos-raizaa-1-1024x455.jpg\" class=\"attachment-large size-large wp-image-534\" alt=\"Retratos de dos personas, a la izquierda un chico rubio en una habitaci\u00f3n con libros a su espalda y una l\u00e1mpara ilumin\u00e1ndole, est\u00e1 mirando a la camara, con un cigarrillo en la mano. A la derecha, una chica con el pelo largo rosa, est\u00e1 agarr\u00e1ndose unos mechones con la mano, que esta formada solo de huesos.\" srcset=\"https:\/\/ludemin.com\/wp-content\/uploads\/2023\/05\/retratos-raizaa-1-1024x455.jpg 1024w, https:\/\/ludemin.com\/wp-content\/uploads\/2023\/05\/retratos-raizaa-1-300x133.jpg 300w, https:\/\/ludemin.com\/wp-content\/uploads\/2023\/05\/retratos-raizaa-1-768x341.jpg 768w, https:\/\/ludemin.com\/wp-content\/uploads\/2023\/05\/retratos-raizaa-1-1536x682.jpg 1536w, https:\/\/ludemin.com\/wp-content\/uploads\/2023\/05\/retratos-raizaa-1-2048x909.jpg 2048w\" sizes=\"(max-width: 1024px) 100vw, 1024px\" \/>\t\t\t\t\t\t\t\t\t\t\t\t\t<\/div>\n\t\t\t\t<\/div>\n\t\t\t\t\t<\/div>\n\t\t<\/div>\n\t\t\t\t\t<\/div>\n\t\t<\/section>\n\t\t\t\t<section class=\"elementor-section elementor-top-section elementor-element elementor-element-ec34343 elementor-section-boxed elementor-section-height-default elementor-section-height-default\" data-id=\"ec34343\" data-element_type=\"section\">\n\t\t\t\t\t\t<div class=\"elementor-container elementor-column-gap-default\">\n\t\t\t\t\t<div class=\"elementor-column elementor-col-100 elementor-top-column elementor-element elementor-element-1541718\" data-id=\"1541718\" data-element_type=\"column\">\n\t\t\t<div class=\"elementor-widget-wrap elementor-element-populated\">\n\t\t\t\t\t\t<div class=\"elementor-element elementor-element-3df1550 elementor-widget elementor-widget-heading\" data-id=\"3df1550\" data-element_type=\"widget\" data-widget_type=\"heading.default\">\n\t\t\t\t<div class=\"elementor-widget-container\">\n\t\t\t<h2 class=\"elementor-heading-title elementor-size-default\">DE TOKIO A RIO - DAVID REES<\/h2>\t\t<\/div>\n\t\t\t\t<\/div>\n\t\t\t\t\t<\/div>\n\t\t<\/div>\n\t\t\t\t\t<\/div>\n\t\t<\/section>\n\t\t\t\t<section class=\"elementor-section elementor-top-section elementor-element elementor-element-0cab107 elementor-section-boxed elementor-section-height-default elementor-section-height-default\" data-id=\"0cab107\" data-element_type=\"section\">\n\t\t\t\t\t\t<div class=\"elementor-container elementor-column-gap-default\">\n\t\t\t\t\t<div class=\"elementor-column elementor-col-100 elementor-top-column elementor-element elementor-element-4a124f7\" data-id=\"4a124f7\" data-element_type=\"column\">\n\t\t\t<div class=\"elementor-widget-wrap elementor-element-populated\">\n\t\t\t\t\t\t<div class=\"elementor-element elementor-element-9fc9490 elementor-widget elementor-widget-video\" data-id=\"9fc9490\" data-element_type=\"widget\" data-settings=\"{&quot;youtube_url&quot;:&quot;https:\\\/\\\/www.youtube.com\\\/watch?v=xhyRmtID3ss&quot;,&quot;video_type&quot;:&quot;youtube&quot;,&quot;controls&quot;:&quot;yes&quot;}\" data-widget_type=\"video.default\">\n\t\t\t\t<div class=\"elementor-widget-container\">\n\t\t\t<style>\/*! elementor - v3.19.0 - 29-01-2024 *\/\n.elementor-widget-video .elementor-widget-container{overflow:hidden;transform:translateZ(0)}.elementor-widget-video .elementor-wrapper{aspect-ratio:var(--video-aspect-ratio)}.elementor-widget-video .elementor-wrapper iframe,.elementor-widget-video .elementor-wrapper video{height:100%;width:100%;display:flex;border:none;background-color:#000}@supports not (aspect-ratio:1\/1){.elementor-widget-video .elementor-wrapper{position:relative;overflow:hidden;height:0;padding-bottom:calc(100% \/ var(--video-aspect-ratio))}.elementor-widget-video .elementor-wrapper iframe,.elementor-widget-video .elementor-wrapper video{position:absolute;top:0;right:0;bottom:0;left:0}}.elementor-widget-video .elementor-open-inline .elementor-custom-embed-image-overlay{position:absolute;top:0;right:0;bottom:0;left:0;background-size:cover;background-position:50%}.elementor-widget-video .elementor-custom-embed-image-overlay{cursor:pointer;text-align:center}.elementor-widget-video .elementor-custom-embed-image-overlay:hover .elementor-custom-embed-play i{opacity:1}.elementor-widget-video .elementor-custom-embed-image-overlay img{display:block;width:100%;aspect-ratio:var(--video-aspect-ratio);-o-object-fit:cover;object-fit:cover;-o-object-position:center center;object-position:center center}@supports not (aspect-ratio:1\/1){.elementor-widget-video .elementor-custom-embed-image-overlay{position:relative;overflow:hidden;height:0;padding-bottom:calc(100% \/ var(--video-aspect-ratio))}.elementor-widget-video .elementor-custom-embed-image-overlay img{position:absolute;top:0;right:0;bottom:0;left:0}}.elementor-widget-video .e-hosted-video .elementor-video{-o-object-fit:cover;object-fit:cover}.e-con-inner>.elementor-widget-video,.e-con>.elementor-widget-video{width:var(--container-widget-width);--flex-grow:var(--container-widget-flex-grow)}<\/style>\t\t<div class=\"elementor-wrapper elementor-open-inline\">\n\t\t\t<div class=\"elementor-video\"><\/div>\t\t<\/div>\n\t\t\t\t<\/div>\n\t\t\t\t<\/div>\n\t\t\t\t\t<\/div>\n\t\t<\/div>\n\t\t\t\t\t<\/div>\n\t\t<\/section>\n\t\t\t\t<section class=\"elementor-section elementor-top-section elementor-element elementor-element-37e92ab elementor-section-boxed elementor-section-height-default elementor-section-height-default\" data-id=\"37e92ab\" data-element_type=\"section\">\n\t\t\t\t\t\t<div class=\"elementor-container elementor-column-gap-default\">\n\t\t\t\t\t<div class=\"elementor-column elementor-col-50 elementor-top-column elementor-element elementor-element-1ef08d8\" data-id=\"1ef08d8\" data-element_type=\"column\">\n\t\t\t<div class=\"elementor-widget-wrap elementor-element-populated\">\n\t\t\t\t\t\t<div class=\"elementor-element elementor-element-bdc3940 elementor-widget elementor-widget-image\" data-id=\"bdc3940\" data-element_type=\"widget\" data-widget_type=\"image.default\">\n\t\t\t\t<div class=\"elementor-widget-container\">\n\t\t\t\t\t\t\t\t\t\t\t\t\t<img decoding=\"async\" width=\"1024\" height=\"724\" src=\"https:\/\/ludemin.com\/wp-content\/uploads\/2023\/05\/LCDP-1024x724.png\" class=\"attachment-large size-large wp-image-650\" alt=\"\" srcset=\"https:\/\/ludemin.com\/wp-content\/uploads\/2023\/05\/LCDP-1024x724.png 1024w, https:\/\/ludemin.com\/wp-content\/uploads\/2023\/05\/LCDP-300x212.png 300w, https:\/\/ludemin.com\/wp-content\/uploads\/2023\/05\/LCDP-768x543.png 768w, https:\/\/ludemin.com\/wp-content\/uploads\/2023\/05\/LCDP.png 1169w\" sizes=\"(max-width: 1024px) 100vw, 1024px\" \/>\t\t\t\t\t\t\t\t\t\t\t\t\t<\/div>\n\t\t\t\t<\/div>\n\t\t\t\t\t<\/div>\n\t\t<\/div>\n\t\t\t\t<div class=\"elementor-column elementor-col-50 elementor-top-column elementor-element elementor-element-2a11fcd\" data-id=\"2a11fcd\" data-element_type=\"column\">\n\t\t\t<div class=\"elementor-widget-wrap elementor-element-populated\">\n\t\t\t\t\t\t<div class=\"elementor-element elementor-element-aff5a66 elementor-widget elementor-widget-image\" data-id=\"aff5a66\" data-element_type=\"widget\" data-widget_type=\"image.default\">\n\t\t\t\t<div class=\"elementor-widget-container\">\n\t\t\t\t\t\t\t\t\t\t\t\t\t<img decoding=\"async\" width=\"1024\" height=\"724\" src=\"https:\/\/ludemin.com\/wp-content\/uploads\/2022\/11\/TODOS-LOS-OBJETOS.png\" class=\"attachment-large size-large wp-image-35\" alt=\"\" \/>\t\t\t\t\t\t\t\t\t\t\t\t\t<\/div>\n\t\t\t\t<\/div>\n\t\t\t\t\t<\/div>\n\t\t<\/div>\n\t\t\t\t\t<\/div>\n\t\t<\/section>\n\t\t\t\t<section class=\"elementor-section elementor-top-section elementor-element elementor-element-b4a209c elementor-section-boxed elementor-section-height-default elementor-section-height-default\" data-id=\"b4a209c\" data-element_type=\"section\">\n\t\t\t\t\t\t<div class=\"elementor-container elementor-column-gap-default\">\n\t\t\t\t\t<div class=\"elementor-column elementor-col-100 elementor-top-column elementor-element elementor-element-710cb52\" data-id=\"710cb52\" data-element_type=\"column\">\n\t\t\t<div class=\"elementor-widget-wrap elementor-element-populated\">\n\t\t\t\t\t\t<div class=\"elementor-element elementor-element-a7ee1e0 elementor-widget elementor-widget-heading\" data-id=\"a7ee1e0\" data-element_type=\"widget\" data-widget_type=\"heading.default\">\n\t\t\t\t<div class=\"elementor-widget-container\">\n\t\t\t<h2 class=\"elementor-heading-title elementor-size-default\"><span style=\"color: rgb(0, 0, 0); font-family: Anton, sans-serif; font-size: 45px; text-align: center; white-space-collapse: collapse;\">ART PIECES FOR OLOM HOTEL <\/span><\/h2>\t\t<\/div>\n\t\t\t\t<\/div>\n\t\t\t\t\t<\/div>\n\t\t<\/div>\n\t\t\t\t\t<\/div>\n\t\t<\/section>\n\t\t\t\t<section class=\"elementor-section elementor-top-section elementor-element elementor-element-cb8905f elementor-section-boxed elementor-section-height-default elementor-section-height-default\" data-id=\"cb8905f\" data-element_type=\"section\">\n\t\t\t\t\t\t<div class=\"elementor-container elementor-column-gap-default\">\n\t\t\t\t\t<div class=\"elementor-column elementor-col-100 elementor-top-column elementor-element elementor-element-a47f907\" data-id=\"a47f907\" data-element_type=\"column\">\n\t\t\t<div class=\"elementor-widget-wrap elementor-element-populated\">\n\t\t\t\t\t\t<div class=\"elementor-element elementor-element-4ff4c77 elementor-widget elementor-widget-image\" data-id=\"4ff4c77\" data-element_type=\"widget\" data-widget_type=\"image.default\">\n\t\t\t\t<div class=\"elementor-widget-container\">\n\t\t\t\t\t\t\t\t\t\t\t\t\t<img loading=\"lazy\" decoding=\"async\" width=\"1024\" height=\"546\" src=\"https:\/\/ludemin.com\/wp-content\/uploads\/2023\/05\/hotel-olom2-1024x546.jpg\" class=\"attachment-large size-large wp-image-669\" alt=\"\" srcset=\"https:\/\/ludemin.com\/wp-content\/uploads\/2023\/05\/hotel-olom2-1024x546.jpg 1024w, https:\/\/ludemin.com\/wp-content\/uploads\/2023\/05\/hotel-olom2-300x160.jpg 300w, https:\/\/ludemin.com\/wp-content\/uploads\/2023\/05\/hotel-olom2-768x409.jpg 768w, https:\/\/ludemin.com\/wp-content\/uploads\/2023\/05\/hotel-olom2-1536x819.jpg 1536w, https:\/\/ludemin.com\/wp-content\/uploads\/2023\/05\/hotel-olom2-2048x1092.jpg 2048w\" sizes=\"(max-width: 1024px) 100vw, 1024px\" \/>\t\t\t\t\t\t\t\t\t\t\t\t\t<\/div>\n\t\t\t\t<\/div>\n\t\t\t\t\t<\/div>\n\t\t<\/div>\n\t\t\t\t\t<\/div>\n\t\t<\/section>\n\t\t\t\t<\/div>\n\t\t","protected":false},"excerpt":{"rendered":"<p>Professional work Raiza Revelles DE TOKIO A RIO &#8211; DAVID REES ART PIECES FOR OLOM HOTEL<\/p>\n","protected":false},"author":1,"featured_media":0,"parent":0,"menu_order":0,"comment_status":"closed","ping_status":"closed","template":"page-templates\/template-pagebuilder-full-width.php","meta":{"neve_meta_sidebar":"","neve_meta_container":"","neve_meta_enable_content_width":"","neve_meta_content_width":0,"neve_meta_title_alignment":"","neve_meta_author_avatar":"","neve_post_elements_order":"","neve_meta_disable_header":"","neve_meta_disable_footer":"","neve_meta_disable_title":""},"yoast_head":"<!-- This site is optimized with the Yoast SEO plugin v20.7 - https:\/\/yoast.com\/wordpress\/plugins\/seo\/ -->\n<title>Professional Work - Lucia de la Torre<\/title>\n<meta name=\"robots\" content=\"index, follow, max-snippet:-1, max-image-preview:large, max-video-preview:-1\" \/>\n<link rel=\"canonical\" href=\"http:\/\/ludemin.com\/index.php\/professional-work\/\" \/>\n<meta property=\"og:locale\" content=\"es_ES\" \/>\n<meta property=\"og:type\" content=\"article\" \/>\n<meta property=\"og:title\" content=\"Professional Work - Lucia de la Torre\" \/>\n<meta property=\"og:description\" content=\"Professional work Raiza Revelles DE TOKIO A RIO &#8211; DAVID REES ART PIECES FOR OLOM HOTEL\" \/>\n<meta property=\"og:url\" content=\"http:\/\/ludemin.com\/index.php\/professional-work\/\" \/>\n<meta property=\"og:site_name\" content=\"Lucia de la Torre\" \/>\n<meta property=\"article:modified_time\" content=\"2024-02-19T18:08:09+00:00\" \/>\n<meta property=\"og:image\" content=\"http:\/\/ludemin.com\/wp-content\/uploads\/2023\/05\/retratos-raizaa-1-1024x455.jpg\" \/>\n<meta name=\"twitter:card\" content=\"summary_large_image\" \/>\n<meta name=\"twitter:label1\" content=\"Tiempo de lectura\" \/>\n\t<meta name=\"twitter:data1\" content=\"1 minuto\" \/>\n<script type=\"application\/ld+json\" class=\"yoast-schema-graph\">{\"@context\":\"https:\/\/schema.org\",\"@graph\":[{\"@type\":\"WebPage\",\"@id\":\"http:\/\/ludemin.com\/index.php\/professional-work\/\",\"url\":\"http:\/\/ludemin.com\/index.php\/professional-work\/\",\"name\":\"Professional Work - Lucia de la Torre\",\"isPartOf\":{\"@id\":\"http:\/\/ludemin.com\/#website\"},\"datePublished\":\"2022-11-25T11:23:22+00:00\",\"dateModified\":\"2024-02-19T18:08:09+00:00\",\"breadcrumb\":{\"@id\":\"http:\/\/ludemin.com\/index.php\/professional-work\/#breadcrumb\"},\"inLanguage\":\"es\",\"potentialAction\":[{\"@type\":\"ReadAction\",\"target\":[\"http:\/\/ludemin.com\/index.php\/professional-work\/\"]}]},{\"@type\":\"BreadcrumbList\",\"@id\":\"http:\/\/ludemin.com\/index.php\/professional-work\/#breadcrumb\",\"itemListElement\":[{\"@type\":\"ListItem\",\"position\":1,\"name\":\"Portada\",\"item\":\"http:\/\/ludemin.com\/\"},{\"@type\":\"ListItem\",\"position\":2,\"name\":\"Professional Work\"}]},{\"@type\":\"WebSite\",\"@id\":\"http:\/\/ludemin.com\/#website\",\"url\":\"http:\/\/ludemin.com\/\",\"name\":\"Lucia de la Torre\",\"description\":\"2D Artist \/Vis Dev\",\"potentialAction\":[{\"@type\":\"SearchAction\",\"target\":{\"@type\":\"EntryPoint\",\"urlTemplate\":\"http:\/\/ludemin.com\/?s={search_term_string}\"},\"query-input\":\"required name=search_term_string\"}],\"inLanguage\":\"es\"}]}<\/script>\n<!-- \/ Yoast SEO plugin. -->","yoast_head_json":{"title":"Professional Work - Lucia de la Torre","robots":{"index":"index","follow":"follow","max-snippet":"max-snippet:-1","max-image-preview":"max-image-preview:large","max-video-preview":"max-video-preview:-1"},"canonical":"http:\/\/ludemin.com\/index.php\/professional-work\/","og_locale":"es_ES","og_type":"article","og_title":"Professional Work - Lucia de la Torre","og_description":"Professional work Raiza Revelles DE TOKIO A RIO &#8211; DAVID REES ART PIECES FOR OLOM HOTEL","og_url":"http:\/\/ludemin.com\/index.php\/professional-work\/","og_site_name":"Lucia de la Torre","article_modified_time":"2024-02-19T18:08:09+00:00","og_image":[{"url":"http:\/\/ludemin.com\/wp-content\/uploads\/2023\/05\/retratos-raizaa-1-1024x455.jpg"}],"twitter_card":"summary_large_image","twitter_misc":{"Tiempo de lectura":"1 minuto"},"schema":{"@context":"https:\/\/schema.org","@graph":[{"@type":"WebPage","@id":"http:\/\/ludemin.com\/index.php\/professional-work\/","url":"http:\/\/ludemin.com\/index.php\/professional-work\/","name":"Professional Work - Lucia de la Torre","isPartOf":{"@id":"http:\/\/ludemin.com\/#website"},"datePublished":"2022-11-25T11:23:22+00:00","dateModified":"2024-02-19T18:08:09+00:00","breadcrumb":{"@id":"http:\/\/ludemin.com\/index.php\/professional-work\/#breadcrumb"},"inLanguage":"es","potentialAction":[{"@type":"ReadAction","target":["http:\/\/ludemin.com\/index.php\/professional-work\/"]}]},{"@type":"BreadcrumbList","@id":"http:\/\/ludemin.com\/index.php\/professional-work\/#breadcrumb","itemListElement":[{"@type":"ListItem","position":1,"name":"Portada","item":"http:\/\/ludemin.com\/"},{"@type":"ListItem","position":2,"name":"Professional Work"}]},{"@type":"WebSite","@id":"http:\/\/ludemin.com\/#website","url":"http:\/\/ludemin.com\/","name":"Lucia de la Torre","description":"2D Artist \/Vis Dev","potentialAction":[{"@type":"SearchAction","target":{"@type":"EntryPoint","urlTemplate":"http:\/\/ludemin.com\/?s={search_term_string}"},"query-input":"required name=search_term_string"}],"inLanguage":"es"}]}},"_links":{"self":[{"href":"https:\/\/ludemin.com\/index.php\/wp-json\/wp\/v2\/pages\/43"}],"collection":[{"href":"https:\/\/ludemin.com\/index.php\/wp-json\/wp\/v2\/pages"}],"about":[{"href":"https:\/\/ludemin.com\/index.php\/wp-json\/wp\/v2\/types\/page"}],"author":[{"embeddable":true,"href":"https:\/\/ludemin.com\/index.php\/wp-json\/wp\/v2\/users\/1"}],"replies":[{"embeddable":true,"href":"https:\/\/ludemin.com\/index.php\/wp-json\/wp\/v2\/comments?post=43"}],"version-history":[{"count":41,"href":"https:\/\/ludemin.com\/index.php\/wp-json\/wp\/v2\/pages\/43\/revisions"}],"predecessor-version":[{"id":1086,"href":"https:\/\/ludemin.com\/index.php\/wp-json\/wp\/v2\/pages\/43\/revisions\/1086"}],"wp:attachment":[{"href":"https:\/\/ludemin.com\/index.php\/wp-json\/wp\/v2\/media?parent=43"}],"curies":[{"name":"wp","href":"https:\/\/api.w.org\/{rel}","templated":true}]}}